{"id":986,"date":"2018-06-23T18:54:02","date_gmt":"2018-06-23T16:54:02","guid":{"rendered":"http:\/\/mieczyslaw.nieduszynski.pl\/?page_id=986"},"modified":"2020-08-11T08:28:15","modified_gmt":"2020-08-11T06:28:15","slug":"spotkania-wspomnieniowe-o-profesorze","status":"publish","type":"page","link":"https:\/\/mieczyslaw.nieduszynski.pl\/?page_id=986","title":{"rendered":"Publikacje i wspomnienia o profesorze"},"content":{"rendered":"<h2><span style=\"color: #333333;\"><strong>Publikacje<\/strong><\/span><\/h2>\n<p>&nbsp;<\/p>\n<p><strong><a href=\"http:\/\/mieczyslaw.nieduszynski.pl\/wp-content\/uploads\/2018\/08\/Piotr-B\u0105czek-Cz\u0142owiek-musi-by\u0107-uw\u0142aszczony-G\u0142os-17.01.2004.pdf\">Cz\u0142owiek musi by\u0107 uw\u0142aszczony Piotr B\u0105czek,\u00a0 G\u0142os 17.01.2004 &#8211; pdf<\/a><\/strong><\/p>\n<hr \/>\n<p><a href=\"http:\/\/mieczyslaw.nieduszynski.pl\/wp-content\/uploads\/2018\/06\/Artyko\u0142-Marzena-2-9-II-1992.jpg\"><img fetchpriority=\"high\" decoding=\"async\" class=\"alignnone size-medium wp-image-610\" src=\"http:\/\/mieczyslaw.nieduszynski.pl\/wp-content\/uploads\/2018\/06\/Artyko\u0142-Marzena-2-9-II-1992-300x228.jpg\" alt=\"\" width=\"300\" height=\"228\" srcset=\"https:\/\/mieczyslaw.nieduszynski.pl\/wp-content\/uploads\/2018\/06\/Artyko\u0142-Marzena-2-9-II-1992-300x228.jpg 300w, https:\/\/mieczyslaw.nieduszynski.pl\/wp-content\/uploads\/2018\/06\/Artyko\u0142-Marzena-2-9-II-1992-768x584.jpg 768w, https:\/\/mieczyslaw.nieduszynski.pl\/wp-content\/uploads\/2018\/06\/Artyko\u0142-Marzena-2-9-II-1992-1024x779.jpg 1024w\" sizes=\"(max-width: 300px) 100vw, 300px\" \/><\/a><\/p>\n<p><strong><a href=\"http:\/\/mieczyslaw.nieduszynski.pl\/wp-content\/uploads\/2018\/06\/Artyk\u00f3\u0142-Marzena-2-9-II-1992.pdf\">Profesor Mieczys\u0142aw Nieduszy\u0144ski, Marzena Guzowska, <\/a><a href=\"http:\/\/mieczyslaw.nieduszynski.pl\/wp-content\/uploads\/2018\/06\/Artyk\u00f3\u0142-Marzena-2-9-II-1992.pdf\">Przegl\u0105d Katolicki<\/a><\/strong><a href=\"http:\/\/mieczyslaw.nieduszynski.pl\/wp-content\/uploads\/2018\/06\/Artyk\u00f3\u0142-Marzena-2-9-II-1992.pdf\"><strong> 2-9. 02. 1992 &#8211; pdf<\/strong><\/a><\/p>\n<hr \/>\n<p><a href=\"http:\/\/mieczyslaw.nieduszynski.pl\/wp-content\/uploads\/2018\/06\/Nasz-Dziennik-25-I-1999-1.jpg\"><img decoding=\"async\" class=\"alignnone wp-image-978 size-medium\" src=\"http:\/\/mieczyslaw.nieduszynski.pl\/wp-content\/uploads\/2018\/06\/Nasz-Dziennik-25-I-1999-1-208x300.jpg\" alt=\"\" width=\"208\" height=\"300\" srcset=\"https:\/\/mieczyslaw.nieduszynski.pl\/wp-content\/uploads\/2018\/06\/Nasz-Dziennik-25-I-1999-1-208x300.jpg 208w, https:\/\/mieczyslaw.nieduszynski.pl\/wp-content\/uploads\/2018\/06\/Nasz-Dziennik-25-I-1999-1.jpg 567w\" sizes=\"(max-width: 208px) 100vw, 208px\" \/><\/a><\/p>\n<p><strong><a href=\"http:\/\/mieczyslaw.nieduszynski.pl\/wp-content\/uploads\/2018\/06\/Nasz-Dziennik-25-I-1999.pdf\">Prawda i odwaga, Jerzy Pawlus, Nasz Dziennik 25. 01. 1999 &#8211; pdf<\/a><\/strong><\/p>\n<hr \/>\n<p><strong><a href=\"http:\/\/mieczyslaw.nieduszynski.pl\/wp-content\/uploads\/2018\/06\/Powsci\u0105gliwo\u015b\u0107-i-Praca-Zdanowicz-VII-VIII-2001-1.pdf\">Opowie\u015b\u0107 o ojcu, Eugeniusz Zdanowicz, Pow\u015bci\u0105gliwo\u015b\u0107 i Praca, 07-08. 2001<\/a><\/strong><\/p>\n<hr \/>\n<p><strong><a href=\"http:\/\/mieczyslaw.nieduszynski.pl\/wp-content\/uploads\/2018\/06\/M.Nieduszy\u0144ski-P.B\u0105czek_G\u0142os_51-52.2003-To-by\u0142a-zwyczajna-ziemia.pdf\">To by\u0142a zwyczajna ziemia, Piotr B\u0105czek, G\u0142os, \/51-52\/ 2003 &#8211; pdf<\/a><\/strong><\/p>\n<hr \/>\n<h2><span style=\"color: #333333;\"><strong>Wspomnienia<\/strong><\/span><\/h2>\n<p><a href=\"http:\/\/mieczyslaw.nieduszynski.pl\/wp-content\/uploads\/2018\/06\/list.jpg\"><img decoding=\"async\" class=\"alignnone size-medium wp-image-996\" src=\"http:\/\/mieczyslaw.nieduszynski.pl\/wp-content\/uploads\/2018\/06\/list-220x300.jpg\" alt=\"\" width=\"220\" height=\"300\" srcset=\"https:\/\/mieczyslaw.nieduszynski.pl\/wp-content\/uploads\/2018\/06\/list-220x300.jpg 220w, https:\/\/mieczyslaw.nieduszynski.pl\/wp-content\/uploads\/2018\/06\/list-768x1048.jpg 768w, https:\/\/mieczyslaw.nieduszynski.pl\/wp-content\/uploads\/2018\/06\/list-751x1024.jpg 751w\" sizes=\"(max-width: 220px) 100vw, 220px\" \/><\/a><\/p>\n<p><strong>List do \u017cony Marii od in\u017cyniera J. Muchy z 18.10.1992 r.<\/strong><\/p>\n<hr \/>\n<p><a href=\"http:\/\/mieczyslaw.nieduszynski.pl\/wp-content\/uploads\/2018\/06\/Wspomnienie.jpg\"><img loading=\"lazy\" decoding=\"async\" class=\"alignnone size-medium wp-image-998\" src=\"http:\/\/mieczyslaw.nieduszynski.pl\/wp-content\/uploads\/2018\/06\/Wspomnienie-300x209.jpg\" alt=\"\" width=\"300\" height=\"209\" srcset=\"https:\/\/mieczyslaw.nieduszynski.pl\/wp-content\/uploads\/2018\/06\/Wspomnienie-300x209.jpg 300w, https:\/\/mieczyslaw.nieduszynski.pl\/wp-content\/uploads\/2018\/06\/Wspomnienie-768x536.jpg 768w, https:\/\/mieczyslaw.nieduszynski.pl\/wp-content\/uploads\/2018\/06\/Wspomnienie-1024x714.jpg 1024w\" sizes=\"(max-width: 300px) 100vw, 300px\" \/><\/a><\/p>\n<p>&nbsp;<\/p>\n<p><strong>Sesja wspomnieniowa Archikonfraterni Literackiej i Kom. Bada\u0144 Dziej\u00f3w Warszawy z 23.11.1997 r.<\/strong><\/p>\n<hr \/>\n<p><a href=\"http:\/\/mieczyslaw.nieduszynski.pl\/wp-content\/uploads\/2018\/06\/Wspomnienie-szko\u0142a-Ja\u0144skiego.jpg\"><img loading=\"lazy\" decoding=\"async\" class=\"alignnone size-medium wp-image-997\" src=\"http:\/\/mieczyslaw.nieduszynski.pl\/wp-content\/uploads\/2018\/06\/Wspomnienie-szko\u0142a-Ja\u0144skiego-211x300.jpg\" alt=\"\" width=\"211\" height=\"300\" srcset=\"https:\/\/mieczyslaw.nieduszynski.pl\/wp-content\/uploads\/2018\/06\/Wspomnienie-szko\u0142a-Ja\u0144skiego-211x300.jpg 211w, https:\/\/mieczyslaw.nieduszynski.pl\/wp-content\/uploads\/2018\/06\/Wspomnienie-szko\u0142a-Ja\u0144skiego-768x1094.jpg 768w, https:\/\/mieczyslaw.nieduszynski.pl\/wp-content\/uploads\/2018\/06\/Wspomnienie-szko\u0142a-Ja\u0144skiego-719x1024.jpg 719w\" sizes=\"(max-width: 211px) 100vw, 211px\" \/><\/a><\/p>\n<p><strong>Msza \u015awi\u0119ta i spotkanie wspomnieniowe Wy\u017cszej Szko\u0142y Zarz\u0105dzania i Przedsi\u0119biorczo\u015bci im. Bogdana Ja\u0144skiego oraz Stowarzyszenia Rodzin Katolickich Archidiecezji Warszawskiej z 22.10.1998 r.<\/strong><\/p>\n<hr \/>\n<p><a href=\"http:\/\/mieczyslaw.nieduszynski.pl\/wp-content\/uploads\/2018\/06\/Wychowawca.jpg\"><img loading=\"lazy\" decoding=\"async\" class=\"alignnone size-medium wp-image-999\" src=\"http:\/\/mieczyslaw.nieduszynski.pl\/wp-content\/uploads\/2018\/06\/Wychowawca-300x199.jpg\" alt=\"\" width=\"300\" height=\"199\" srcset=\"https:\/\/mieczyslaw.nieduszynski.pl\/wp-content\/uploads\/2018\/06\/Wychowawca-300x199.jpg 300w, https:\/\/mieczyslaw.nieduszynski.pl\/wp-content\/uploads\/2018\/06\/Wychowawca-768x510.jpg 768w, https:\/\/mieczyslaw.nieduszynski.pl\/wp-content\/uploads\/2018\/06\/Wychowawca-1024x679.jpg 1024w, https:\/\/mieczyslaw.nieduszynski.pl\/wp-content\/uploads\/2018\/06\/Wychowawca.jpg 1756w\" sizes=\"(max-width: 300px) 100vw, 300px\" \/><\/a><\/p>\n<p><strong>Wspomnienie o wychowawcy z 10.01.2001 r.<\/strong><\/p>\n<hr \/>\n<p>&nbsp;<\/p>\n<p>&nbsp;<\/p>\n","protected":false},"excerpt":{"rendered":"<p>Publikacje &nbsp; Cz\u0142owiek musi by\u0107 uw\u0142aszczony Piotr B\u0105czek,\u00a0 G\u0142os 17.01.2004 &#8211; pdf Profesor Mieczys\u0142aw Nieduszy\u0144ski, Marzena Guzowska, Przegl\u0105d Katolicki 2-9. 02. 1992 &#8211; pdf Prawda i odwaga, Jerzy Pawlus, Nasz Dziennik 25. 01. 1999 &#8211; pdf Opowie\u015b\u0107 o ojcu, Eugeniusz Zdanowicz, Pow\u015bci\u0105gliwo\u015b\u0107 i Praca, 07-08. 2001 To by\u0142a zwyczajna ziemia, Piotr B\u0105czek, G\u0142os, \/51-52\/ 2003 &hellip; <\/p>\n<p class=\"link-more\"><a href=\"https:\/\/mieczyslaw.nieduszynski.pl\/?page_id=986\" class=\"more-link\">Czytaj dalej<span class=\"screen-reader-text\"> \u201ePublikacje i wspomnienia o profesorze\u201d<\/span><\/a><\/p>\n","protected":false},"author":2,"featured_media":0,"parent":0,"menu_order":0,"comment_status":"closed","ping_status":"closed","template":"","meta":{"_crdt_document":"","footnotes":""},"class_list":["post-986","page","type-page","status-publish","hentry"],"_links":{"self":[{"href":"https:\/\/mieczyslaw.nieduszynski.pl\/index.php?rest_route=\/wp\/v2\/pages\/986","targetHints":{"allow":["GET"]}}],"collection":[{"href":"https:\/\/mieczyslaw.nieduszynski.pl\/index.php?rest_route=\/wp\/v2\/pages"}],"about":[{"href":"https:\/\/mieczyslaw.nieduszynski.pl\/index.php?rest_route=\/wp\/v2\/types\/page"}],"author":[{"embeddable":true,"href":"https:\/\/mieczyslaw.nieduszynski.pl\/index.php?rest_route=\/wp\/v2\/users\/2"}],"replies":[{"embeddable":true,"href":"https:\/\/mieczyslaw.nieduszynski.pl\/index.php?rest_route=%2Fwp%2Fv2%2Fcomments&post=986"}],"version-history":[{"count":26,"href":"https:\/\/mieczyslaw.nieduszynski.pl\/index.php?rest_route=\/wp\/v2\/pages\/986\/revisions"}],"predecessor-version":[{"id":1323,"href":"https:\/\/mieczyslaw.nieduszynski.pl\/index.php?rest_route=\/wp\/v2\/pages\/986\/revisions\/1323"}],"wp:attachment":[{"href":"https:\/\/mieczyslaw.nieduszynski.pl\/index.php?rest_route=%2Fwp%2Fv2%2Fmedia&parent=986"}],"curies":[{"name":"wp","href":"https:\/\/api.w.org\/{rel}","templated":true}]}}