{"id":745,"date":"2018-06-13T14:36:13","date_gmt":"2018-06-13T12:36:13","guid":{"rendered":"http:\/\/mieczyslaw.nieduszynski.pl\/?page_id=745"},"modified":"2020-08-06T19:13:28","modified_gmt":"2020-08-06T17:13:28","slug":"niezalezny-komitet-historyczny-badania-zbrodni-katynskiej-i-polskiej-fundacji-katynskiej","status":"publish","type":"page","link":"http:\/\/mieczyslaw.nieduszynski.pl\/?page_id=745","title":{"rendered":"Niezale\u017cny Komitet Historyczny Badania Zbrodni Katy\u0144skiej i Polska Fundacja Katy\u0144ska\u00a0"},"content":{"rendered":"\r\n<p>Niezale\u017cny Komitet Historyczny Badania Zbrodni Katy\u0144skiej (KHBZK), kt\u00f3ry powsta\u0142 w\u00a0pa\u017adzierniku 1989 roku, oraz Polska Fundacja Katy\u0144ska w\u00a01990 roku, (zarejestrowana notarialnie 06.06.1990 r., w\u00a0S\u0105dzie Rejonowym 04.09.1992 r.), kt\u00f3re podj\u0119\u0142y naukowe badania nad zbrodni\u0105 katy\u0144sk\u0105 i\u00a0starania o\u00a0godne upami\u0119tnienie ofiar zbrodni.<br \/>Sk\u0142ad osobowy obydwu zespo\u0142\u00f3w w\u00a0du\u017cym stopniu pokrywa\u0142 si\u0119, dzi\u0119ki czemu podzia\u0142 zada\u0144 i\u00a0wsp\u00f3\u0142praca mi\u0119dzy obydwoma strukturami by\u0142a bardzo \u015bcis\u0142a pozwalaj\u0105ca analizowa\u0107 ich dzia\u0142anie \u0142\u0105cznie.<br \/>Cz\u0142onkami za\u0142o\u017cycielami, a tak\u017ce fundatorami Polskiej Fundacji Katy\u0144skiej byli: dr Bo\u017cena Mamontowicz- \u0141ojek \u2013 historyk teatru, prof. Mieczys\u0142aw Nieduszy\u0144ski, mec. Jan Olszewski, ks. Zdzis\u0142aw Peszkowski ocala\u0142y jeniec obozu w Kozielsku, dr Marek Tarczy\u0144ski \u2013 historyk wojskowo\u015bci, prof. Jacek Trznadel \u2013 historyk literatury, in\u017c. J\u0119drzej Tucholski \u2013 syn katy\u0144czyka i red. Wojciech Ziembi\u0144ski \u2013 dzia\u0142acz niepodleg\u0142o\u015bciowy. Statut Polskiej Fundacji Katy\u0144skiej opracowa\u0142 mec. Jan Olszewski. Akt notarialny fundacji podpisany zosta\u0142 6 czerwca 1990 r. z wst\u0119pnym maj\u0105tkiem 4 000 000 z\u0142, na kt\u00f3ry z\u0142o\u017cyli si\u0119 cz\u0142onkowie za\u0142o\u017cyciele.<\/p>\r\n<p>Notka sporz\u0105dzona przez dr Bo\u017cen\u0119 Mamontowicz- \u0141ojek<\/p>\r\n<p>&nbsp;<\/p>\r\n","protected":false},"excerpt":{"rendered":"","protected":false},"author":2,"featured_media":0,"parent":0,"menu_order":0,"comment_status":"closed","ping_status":"closed","template":"","meta":{"_crdt_document":"","footnotes":""},"class_list":["post-745","page","type-page","status-publish","hentry"],"_links":{"self":[{"href":"http:\/\/mieczyslaw.nieduszynski.pl\/index.php?rest_route=\/wp\/v2\/pages\/745","targetHints":{"allow":["GET"]}}],"collection":[{"href":"http:\/\/mieczyslaw.nieduszynski.pl\/index.php?rest_route=\/wp\/v2\/pages"}],"about":[{"href":"http:\/\/mieczyslaw.nieduszynski.pl\/index.php?rest_route=\/wp\/v2\/types\/page"}],"author":[{"embeddable":true,"href":"http:\/\/mieczyslaw.nieduszynski.pl\/index.php?rest_route=\/wp\/v2\/users\/2"}],"replies":[{"embeddable":true,"href":"http:\/\/mieczyslaw.nieduszynski.pl\/index.php?rest_route=%2Fwp%2Fv2%2Fcomments&post=745"}],"version-history":[{"count":11,"href":"http:\/\/mieczyslaw.nieduszynski.pl\/index.php?rest_route=\/wp\/v2\/pages\/745\/revisions"}],"predecessor-version":[{"id":1215,"href":"http:\/\/mieczyslaw.nieduszynski.pl\/index.php?rest_route=\/wp\/v2\/pages\/745\/revisions\/1215"}],"wp:attachment":[{"href":"http:\/\/mieczyslaw.nieduszynski.pl\/index.php?rest_route=%2Fwp%2Fv2%2Fmedia&parent=745"}],"curies":[{"name":"wp","href":"https:\/\/api.w.org\/{rel}","templated":true}]}}