{"id":742,"date":"2018-06-13T14:34:25","date_gmt":"2018-06-13T12:34:25","guid":{"rendered":"http:\/\/mieczyslaw.nieduszynski.pl\/?page_id=742"},"modified":"2020-08-11T01:42:40","modified_gmt":"2020-08-10T23:42:40","slug":"komitet-odrodzenia-harcerstwa-polskiego","status":"publish","type":"page","link":"http:\/\/mieczyslaw.nieduszynski.pl\/?page_id=742","title":{"rendered":"Komitet Odrodzenia Harcerstwa Polskiego"},"content":{"rendered":"\r\n<p>&nbsp;<\/p>\r\n<p><a href=\"http:\/\/mieczyslaw.nieduszynski.pl\/wp-content\/uploads\/2018\/06\/Kkom-Odrodz-ZHP-Kol.jpg\"><img fetchpriority=\"high\" decoding=\"async\" class=\"alignnone wp-image-809 size-medium\" src=\"http:\/\/mieczyslaw.nieduszynski.pl\/wp-content\/uploads\/2018\/06\/Kkom-Odrodz-ZHP-Kol-212x300.jpg\" alt=\"\" width=\"212\" height=\"300\" srcset=\"http:\/\/mieczyslaw.nieduszynski.pl\/wp-content\/uploads\/2018\/06\/Kkom-Odrodz-ZHP-Kol-212x300.jpg 212w, http:\/\/mieczyslaw.nieduszynski.pl\/wp-content\/uploads\/2018\/06\/Kkom-Odrodz-ZHP-Kol-768x1089.jpg 768w, http:\/\/mieczyslaw.nieduszynski.pl\/wp-content\/uploads\/2018\/06\/Kkom-Odrodz-ZHP-Kol-722x1024.jpg 722w, http:\/\/mieczyslaw.nieduszynski.pl\/wp-content\/uploads\/2018\/06\/Kkom-Odrodz-ZHP-Kol.jpg 1626w\" sizes=\"(max-width: 212px) 100vw, 212px\" \/><\/a><\/p>\r\n<p><strong>Zaproszenie do uczestnictwa w Krajowym Komitecie Odrodzenia ZHP<\/strong><\/p>\r\n<p>16.12.1989 r. powstaje Krajowy Komitet Odrodzenia Harcerstwa Polskiego ze Stanis\u0142awem Broniewskim na czele. Celem komitetu by\u0142o odrodzenie organizacji ZHP poprzez poddanie jej kontroli spo\u0142ecznej. Profesor w\u0142\u0105cza si\u0119 w prace tego Komitetu.<\/p>\r\n<p>03-05.03.1990 Grupa 100 instruktor\u00f3w i harcerzy starszych z Warszawy zaj\u0119\u0142a gmach G\u0142\u00f3wnej Kwatery ZHP. Celem tej akcji by\u0142o wymuszenie na w\u0142adzach ZHP podj\u0119cia rozm\u00f3w z Komitetem Odrodzenia Harcerstwa Polskiego. Dosz\u0142o do porozumienia, na mocy kt\u00f3rego powsta\u0142a Komisja Zjazdowa, pracuj\u0105ca nad przygotowaniem Zjazdu Zjednoczeniowego i Spo\u0142eczna Rada ZHP, grupuj\u0105ca autorytety spo\u0142eczne, kt\u00f3rej zadaniem by\u0142o kontrolowanie procesu odnowy ZHP.<\/p>\r\n","protected":false},"excerpt":{"rendered":"","protected":false},"author":2,"featured_media":0,"parent":0,"menu_order":0,"comment_status":"closed","ping_status":"closed","template":"","meta":{"_crdt_document":"","footnotes":""},"class_list":["post-742","page","type-page","status-publish","hentry"],"_links":{"self":[{"href":"http:\/\/mieczyslaw.nieduszynski.pl\/index.php?rest_route=\/wp\/v2\/pages\/742","targetHints":{"allow":["GET"]}}],"collection":[{"href":"http:\/\/mieczyslaw.nieduszynski.pl\/index.php?rest_route=\/wp\/v2\/pages"}],"about":[{"href":"http:\/\/mieczyslaw.nieduszynski.pl\/index.php?rest_route=\/wp\/v2\/types\/page"}],"author":[{"embeddable":true,"href":"http:\/\/mieczyslaw.nieduszynski.pl\/index.php?rest_route=\/wp\/v2\/users\/2"}],"replies":[{"embeddable":true,"href":"http:\/\/mieczyslaw.nieduszynski.pl\/index.php?rest_route=%2Fwp%2Fv2%2Fcomments&post=742"}],"version-history":[{"count":10,"href":"http:\/\/mieczyslaw.nieduszynski.pl\/index.php?rest_route=\/wp\/v2\/pages\/742\/revisions"}],"predecessor-version":[{"id":1298,"href":"http:\/\/mieczyslaw.nieduszynski.pl\/index.php?rest_route=\/wp\/v2\/pages\/742\/revisions\/1298"}],"wp:attachment":[{"href":"http:\/\/mieczyslaw.nieduszynski.pl\/index.php?rest_route=%2Fwp%2Fv2%2Fmedia&parent=742"}],"curies":[{"name":"wp","href":"https:\/\/api.w.org\/{rel}","templated":true}]}}