{"id":1038,"date":"2018-06-29T22:54:05","date_gmt":"2018-06-29T20:54:05","guid":{"rendered":"http:\/\/mieczyslaw.nieduszynski.pl\/?page_id=1038"},"modified":"2020-08-16T19:59:10","modified_gmt":"2020-08-16T17:59:10","slug":"dzialalnosc-w-powstaniu-warszawskim","status":"publish","type":"page","link":"http:\/\/mieczyslaw.nieduszynski.pl\/?page_id=1038","title":{"rendered":"Dzia\u0142alno\u015b\u0107 konspiracyjna w czasie wojny"},"content":{"rendered":"<p><strong>Okres lwowski od ko\u0144ca grudnia 1939 r. do marca 1943 r.<\/strong><\/p>\n<p><a href=\"http:\/\/mieczyslaw.nieduszynski.pl\/wp-content\/uploads\/2018\/06\/Deklar-Komb004-1.jpg\"><img fetchpriority=\"high\" decoding=\"async\" class=\"alignnone size-medium wp-image-1049\" src=\"http:\/\/mieczyslaw.nieduszynski.pl\/wp-content\/uploads\/2018\/06\/Deklar-Komb004-1-212x300.jpg\" alt=\"\" width=\"212\" height=\"300\" srcset=\"http:\/\/mieczyslaw.nieduszynski.pl\/wp-content\/uploads\/2018\/06\/Deklar-Komb004-1-212x300.jpg 212w, http:\/\/mieczyslaw.nieduszynski.pl\/wp-content\/uploads\/2018\/06\/Deklar-Komb004-1-768x1088.jpg 768w, http:\/\/mieczyslaw.nieduszynski.pl\/wp-content\/uploads\/2018\/06\/Deklar-Komb004-1-723x1024.jpg 723w, http:\/\/mieczyslaw.nieduszynski.pl\/wp-content\/uploads\/2018\/06\/Deklar-Komb004-1.jpg 1637w\" sizes=\"(max-width: 212px) 100vw, 212px\" \/><\/a><\/p>\n<hr \/>\n<p><b>Okres warszawski od maja 1943 do pa\u017adziernika 1944<\/b><\/p>\n<p>Na ochotnika zg\u0142asza si\u0119 do Powstania Warszawskiego. Ranny w 09.09. 1944 r. podczas bombardowania lotniczego r\u00f3g Brackiej 17 i Al. Jerozolimskich.<\/p>\n<p><a href=\"http:\/\/mieczyslaw.nieduszynski.pl\/wp-content\/uploads\/2018\/06\/O\u015bw-Komb-Bieniaszewski001.jpg\"><img decoding=\"async\" class=\"alignnone size-medium wp-image-813\" src=\"http:\/\/mieczyslaw.nieduszynski.pl\/wp-content\/uploads\/2018\/06\/O\u015bw-Komb-Bieniaszewski001-212x300.jpg\" alt=\"\" width=\"212\" height=\"300\" srcset=\"http:\/\/mieczyslaw.nieduszynski.pl\/wp-content\/uploads\/2018\/06\/O\u015bw-Komb-Bieniaszewski001-212x300.jpg 212w, http:\/\/mieczyslaw.nieduszynski.pl\/wp-content\/uploads\/2018\/06\/O\u015bw-Komb-Bieniaszewski001-768x1089.jpg 768w, http:\/\/mieczyslaw.nieduszynski.pl\/wp-content\/uploads\/2018\/06\/O\u015bw-Komb-Bieniaszewski001-722x1024.jpg 722w, http:\/\/mieczyslaw.nieduszynski.pl\/wp-content\/uploads\/2018\/06\/O\u015bw-Komb-Bieniaszewski001.jpg 1626w\" sizes=\"(max-width: 212px) 100vw, 212px\" \/><\/a><\/p>\n<p><a href=\"wp-content\/uploads\/2018\/06\/Raport-Powstanczy.pdf\">Raport Powsta\u0144czy III batalionu &#8211; pdf<\/a><\/p>\n<hr \/>\n<p>Po upadku Powstania za zgod\u0105 swojego dow\u00f3dcy wychodzi z Warszawy z ludno\u015bci\u0105 cywiln\u0105 do oboz\u00f3w w Pruszkowie, a nast\u0119pnie Piotrkowie Trybunalskim. Potem ucieka z transportu i powraca do Warszawy.<\/p>\n<p>&nbsp;<\/p>\n","protected":false},"excerpt":{"rendered":"<p>Okres lwowski od ko\u0144ca grudnia 1939 r. do marca 1943 r. Okres warszawski od maja 1943 do pa\u017adziernika 1944 Na ochotnika zg\u0142asza si\u0119 do Powstania Warszawskiego. Ranny w 09.09. 1944 r. podczas bombardowania lotniczego r\u00f3g Brackiej 17 i Al. Jerozolimskich. Raport Powsta\u0144czy III batalionu &#8211; pdf Po upadku Powstania za zgod\u0105 swojego dow\u00f3dcy wychodzi z &hellip; <\/p>\n<p class=\"link-more\"><a href=\"http:\/\/mieczyslaw.nieduszynski.pl\/?page_id=1038\" class=\"more-link\">Czytaj dalej<span class=\"screen-reader-text\"> \u201eDzia\u0142alno\u015b\u0107 konspiracyjna w czasie wojny\u201d<\/span><\/a><\/p>\n","protected":false},"author":2,"featured_media":0,"parent":0,"menu_order":0,"comment_status":"closed","ping_status":"closed","template":"","meta":{"_crdt_document":"","footnotes":""},"class_list":["post-1038","page","type-page","status-publish","hentry"],"_links":{"self":[{"href":"http:\/\/mieczyslaw.nieduszynski.pl\/index.php?rest_route=\/wp\/v2\/pages\/1038","targetHints":{"allow":["GET"]}}],"collection":[{"href":"http:\/\/mieczyslaw.nieduszynski.pl\/index.php?rest_route=\/wp\/v2\/pages"}],"about":[{"href":"http:\/\/mieczyslaw.nieduszynski.pl\/index.php?rest_route=\/wp\/v2\/types\/page"}],"author":[{"embeddable":true,"href":"http:\/\/mieczyslaw.nieduszynski.pl\/index.php?rest_route=\/wp\/v2\/users\/2"}],"replies":[{"embeddable":true,"href":"http:\/\/mieczyslaw.nieduszynski.pl\/index.php?rest_route=%2Fwp%2Fv2%2Fcomments&post=1038"}],"version-history":[{"count":20,"href":"http:\/\/mieczyslaw.nieduszynski.pl\/index.php?rest_route=\/wp\/v2\/pages\/1038\/revisions"}],"predecessor-version":[{"id":1335,"href":"http:\/\/mieczyslaw.nieduszynski.pl\/index.php?rest_route=\/wp\/v2\/pages\/1038\/revisions\/1335"}],"wp:attachment":[{"href":"http:\/\/mieczyslaw.nieduszynski.pl\/index.php?rest_route=%2Fwp%2Fv2%2Fmedia&parent=1038"}],"curies":[{"name":"wp","href":"https:\/\/api.w.org\/{rel}","templated":true}]}}